{"id":48,"date":"2014-12-07T17:59:34","date_gmt":"2014-12-07T17:59:34","guid":{"rendered":"http:\/\/rivjera.lt\/viesbutis\/?page_id=48"},"modified":"2017-08-11T11:07:16","modified_gmt":"2017-08-11T08:07:16","slug":"patalpu-nuoma","status":"publish","type":"page","link":"https:\/\/apgyvendinimaskaune.lt\/?page_id=48","title":{"rendered":"Patalp\u0173 nuoma"},"content":{"rendered":"<p><img loading=\"lazy\" class=\"aligncenter wp-image-787\" src=\"https:\/\/apgyvendinimaskaune.lt\/wp-content\/uploads\/2014\/12\/Panorama2-1024x551.jpg\" alt=\"patalp\u0173 nuoma Kaune\" width=\"900\" height=\"484\" srcset=\"https:\/\/apgyvendinimaskaune.lt\/wp-content\/uploads\/2014\/12\/Panorama2-1024x551.jpg 1024w, https:\/\/apgyvendinimaskaune.lt\/wp-content\/uploads\/2014\/12\/Panorama2-300x161.jpg 300w\" sizes=\"(max-width: 900px) 100vw, 900px\" \/><\/p>\n<p><a href=\"https:\/\/apgyvendinimaskaune.lt\/wp-content\/uploads\/2014\/12\/20150228_163230.jpg\"><img loading=\"lazy\" class=\"aligncenter size-large wp-image-841\" src=\"https:\/\/apgyvendinimaskaune.lt\/wp-content\/uploads\/2014\/12\/20150228_163230-1024x576.jpg\" alt=\"20150228_163230\" width=\"620\" height=\"348\" srcset=\"https:\/\/apgyvendinimaskaune.lt\/wp-content\/uploads\/2014\/12\/20150228_163230-1024x576.jpg 1024w, https:\/\/apgyvendinimaskaune.lt\/wp-content\/uploads\/2014\/12\/20150228_163230-300x168.jpg 300w\" sizes=\"(max-width: 620px) 100vw, 620px\" \/><\/a><\/p>\n<p><a href=\"https:\/\/apgyvendinimaskaune.lt\/wp-content\/uploads\/2014\/12\/Atvaizd0148.jpg\"><img loading=\"lazy\" class=\"aligncenter size-large wp-image-842\" src=\"https:\/\/apgyvendinimaskaune.lt\/wp-content\/uploads\/2014\/12\/Atvaizd0148-768x1024.jpg\" alt=\"Atvaizd0148\" width=\"620\" height=\"826\" srcset=\"https:\/\/apgyvendinimaskaune.lt\/wp-content\/uploads\/2014\/12\/Atvaizd0148-768x1024.jpg 768w, https:\/\/apgyvendinimaskaune.lt\/wp-content\/uploads\/2014\/12\/Atvaizd0148-225x300.jpg 225w, https:\/\/apgyvendinimaskaune.lt\/wp-content\/uploads\/2014\/12\/Atvaizd0148.jpg 1200w\" sizes=\"(max-width: 620px) 100vw, 620px\" \/><\/a><\/p>\n<p><a href=\"https:\/\/apgyvendinimaskaune.lt\/wp-content\/uploads\/2014\/12\/DSC08825.jpg\"><img loading=\"lazy\" class=\"aligncenter size-large wp-image-843\" src=\"https:\/\/apgyvendinimaskaune.lt\/wp-content\/uploads\/2014\/12\/DSC08825-768x1024.jpg\" alt=\"DSC08825\" width=\"620\" height=\"826\" srcset=\"https:\/\/apgyvendinimaskaune.lt\/wp-content\/uploads\/2014\/12\/DSC08825-768x1024.jpg 768w, https:\/\/apgyvendinimaskaune.lt\/wp-content\/uploads\/2014\/12\/DSC08825-225x300.jpg 225w, https:\/\/apgyvendinimaskaune.lt\/wp-content\/uploads\/2014\/12\/DSC08825.jpg 960w\" sizes=\"(max-width: 620px) 100vw, 620px\" \/><\/a><\/p>\n<p>Nuomojamos sand\u0117liavimo gamybos ir prekybos patalpos. Patalpos nuo 30 m\u00b2 iki 300 m\u00b2. Patalpos randasi, strategi\u0161kai patogioje vietoje, \u0161alia Kaunas-Alytus kelio vos 2 km nuo Garliavos. Nedideli komunaliniai mokes\u010diai. Galimyb\u0117 nuomotis biuro patalpas, WC, virtuve. Patalpos saugomos. Elektra, vanduo, \u0161ildymas.<\/p>","protected":false},"excerpt":{"rendered":"<p>Nuomojamos sand\u0117liavimo gamybos ir prekybos patalpos. Patalpos nuo 30 m\u00b2 iki 300 m\u00b2. Patalpos randasi, strategi\u0161kai patogioje vietoje, \u0161alia Kaunas-Alytus kelio vos 2 km nuo Garliavos. Nedideli komunaliniai mokes\u010diai. Galimyb\u0117 nuomotis biuro patalpas, WC, virtuve. Patalpos saugomos. Elektra, vanduo, \u0161ildymas.<\/p>\n","protected":false},"author":1,"featured_media":0,"parent":0,"menu_order":0,"comment_status":"open","ping_status":"open","template":"","meta":{"ngg_post_thumbnail":0},"yoast_head":"<!-- This site is optimized with the Yoast SEO plugin v15.9 - https:\/\/yoast.com\/wordpress\/plugins\/seo\/ -->\n<meta name=\"description\" content=\"Sand\u0117liavimo gamybos ir prekybos patalp\u0173 nuoma nuo 30 m\u00b2 iki 300 m\u00b2 \u0161alia Kaunas-Alytus kelio vos 2 km nuo Garliavos. Daugiau skaitykite tinklalapyje.\" \/>\n<meta name=\"robots\" content=\"index, follow, max-snippet:-1, max-image-preview:large, max-video-preview:-1\" \/>\n<link rel=\"canonical\" href=\"https:\/\/apgyvendinimaskaune.lt\/?page_id=48\" \/>\n<meta property=\"og:locale\" content=\"lt_LT\" \/>\n<meta property=\"og:type\" content=\"article\" \/>\n<meta property=\"og:title\" content=\"Patalp\u0173 nuoma Kaune | Rivjera vie\u0161butis\" \/>\n<meta property=\"og:description\" content=\"Sand\u0117liavimo gamybos ir prekybos patalp\u0173 nuoma nuo 30 m\u00b2 iki 300 m\u00b2 \u0161alia Kaunas-Alytus kelio vos 2 km nuo Garliavos. Daugiau skaitykite tinklalapyje.\" \/>\n<meta property=\"og:url\" content=\"https:\/\/apgyvendinimaskaune.lt\/?page_id=48\" \/>\n<meta property=\"og:site_name\" content=\"Rivjera vie&scaron;butis\" \/>\n<meta property=\"article:modified_time\" content=\"2017-08-11T08:07:16+00:00\" \/>\n<meta property=\"og:image\" content=\"https:\/\/apgyvendinimaskaune.lt\/wp-content\/uploads\/2014\/12\/Panorama2-1024x551.jpg\" \/>\n<script type=\"application\/ld+json\" class=\"yoast-schema-graph\">{\"@context\":\"https:\/\/schema.org\",\"@graph\":[{\"@type\":\"Organization\",\"@id\":\"https:\/\/apgyvendinimaskaune.lt\/#organization\",\"name\":\"Rivjera Vie\\u0161butis\",\"url\":\"https:\/\/apgyvendinimaskaune.lt\/\",\"sameAs\":[],\"logo\":{\"@type\":\"ImageObject\",\"@id\":\"https:\/\/apgyvendinimaskaune.lt\/#logo\",\"inLanguage\":\"lt-LT\",\"url\":\"https:\/\/apgyvendinimaskaune.lt\/wp-content\/uploads\/2014\/02\/vies.png\",\"width\":173,\"height\":120,\"caption\":\"Rivjera Vie\\u0161butis\"},\"image\":{\"@id\":\"https:\/\/apgyvendinimaskaune.lt\/#logo\"}},{\"@type\":\"WebSite\",\"@id\":\"https:\/\/apgyvendinimaskaune.lt\/#website\",\"url\":\"https:\/\/apgyvendinimaskaune.lt\/\",\"name\":\"Rivjera vie&scaron;butis\",\"description\":\"Vie&scaron;butis\",\"publisher\":{\"@id\":\"https:\/\/apgyvendinimaskaune.lt\/#organization\"},\"potentialAction\":[{\"@type\":\"SearchAction\",\"target\":\"https:\/\/apgyvendinimaskaune.lt\/?s={search_term_string}\",\"query-input\":\"required name=search_term_string\"}],\"inLanguage\":\"lt-LT\"},{\"@type\":\"ImageObject\",\"@id\":\"https:\/\/apgyvendinimaskaune.lt\/?page_id=48#primaryimage\",\"inLanguage\":\"lt-LT\",\"url\":\"https:\/\/apgyvendinimaskaune.lt\/wp-content\/uploads\/2014\/12\/Panorama2.jpg\",\"width\":3437,\"height\":1850},{\"@type\":\"WebPage\",\"@id\":\"https:\/\/apgyvendinimaskaune.lt\/?page_id=48#webpage\",\"url\":\"https:\/\/apgyvendinimaskaune.lt\/?page_id=48\",\"name\":\"Patalp\\u0173 nuoma Kaune | Rivjera vie\\u0161butis\",\"isPartOf\":{\"@id\":\"https:\/\/apgyvendinimaskaune.lt\/#website\"},\"primaryImageOfPage\":{\"@id\":\"https:\/\/apgyvendinimaskaune.lt\/?page_id=48#primaryimage\"},\"datePublished\":\"2014-12-07T17:59:34+00:00\",\"dateModified\":\"2017-08-11T08:07:16+00:00\",\"description\":\"Sand\\u0117liavimo gamybos ir prekybos patalp\\u0173 nuoma nuo 30 m\\u00b2 iki 300 m\\u00b2 \\u0161alia Kaunas-Alytus kelio vos 2 km nuo Garliavos. Daugiau skaitykite tinklalapyje.\",\"breadcrumb\":{\"@id\":\"https:\/\/apgyvendinimaskaune.lt\/?page_id=48#breadcrumb\"},\"inLanguage\":\"lt-LT\",\"potentialAction\":[{\"@type\":\"ReadAction\",\"target\":[\"https:\/\/apgyvendinimaskaune.lt\/?page_id=48\"]}]},{\"@type\":\"BreadcrumbList\",\"@id\":\"https:\/\/apgyvendinimaskaune.lt\/?page_id=48#breadcrumb\",\"itemListElement\":[{\"@type\":\"ListItem\",\"position\":1,\"item\":{\"@type\":\"WebPage\",\"@id\":\"https:\/\/apgyvendinimaskaune.lt\/\",\"url\":\"https:\/\/apgyvendinimaskaune.lt\/\",\"name\":\"Home\"}},{\"@type\":\"ListItem\",\"position\":2,\"item\":{\"@type\":\"WebPage\",\"@id\":\"https:\/\/apgyvendinimaskaune.lt\/?page_id=48\",\"url\":\"https:\/\/apgyvendinimaskaune.lt\/?page_id=48\",\"name\":\"Patalp\\u0173 nuoma\"}}]}]}<\/script>\n<!-- \/ Yoast SEO plugin. -->","_links":{"self":[{"href":"https:\/\/apgyvendinimaskaune.lt\/index.php?rest_route=\/wp\/v2\/pages\/48"}],"collection":[{"href":"https:\/\/apgyvendinimaskaune.lt\/index.php?rest_route=\/wp\/v2\/pages"}],"about":[{"href":"https:\/\/apgyvendinimaskaune.lt\/index.php?rest_route=\/wp\/v2\/types\/page"}],"author":[{"embeddable":true,"href":"https:\/\/apgyvendinimaskaune.lt\/index.php?rest_route=\/wp\/v2\/users\/1"}],"replies":[{"embeddable":true,"href":"https:\/\/apgyvendinimaskaune.lt\/index.php?rest_route=%2Fwp%2Fv2%2Fcomments&post=48"}],"version-history":[{"count":5,"href":"https:\/\/apgyvendinimaskaune.lt\/index.php?rest_route=\/wp\/v2\/pages\/48\/revisions"}],"predecessor-version":[{"id":854,"href":"https:\/\/apgyvendinimaskaune.lt\/index.php?rest_route=\/wp\/v2\/pages\/48\/revisions\/854"}],"wp:attachment":[{"href":"https:\/\/apgyvendinimaskaune.lt\/index.php?rest_route=%2Fwp%2Fv2%2Fmedia&parent=48"}],"curies":[{"name":"wp","href":"https:\/\/api.w.org\/{rel}","templated":true}]}}