{"id":37,"date":"2014-12-07T12:35:45","date_gmt":"2014-12-07T12:35:45","guid":{"rendered":"http:\/\/rivjera.lt\/viesbutis\/?page_id=37"},"modified":"2019-12-27T15:52:57","modified_gmt":"2019-12-27T13:52:57","slug":"pirtis-su-sukurine-vonia","status":"publish","type":"page","link":"https:\/\/apgyvendinimaskaune.lt\/?page_id=37","title":{"rendered":"Pirtis su s\u016bkurine vonia"},"content":{"rendered":"<p>Pirtis su s\u016bkurine vonia J\u016bs\u0173 maloniam poilsiui.<\/p>\n<p>&nbsp;<\/p>\n<p>&nbsp;<\/p>\n<p>Jaukiame gamtos prieglobstyje, atokiau nuo miesto \u012fsik\u016br\u0119s vie\u0161butis \u201eRivjera\u201c kvie\u010dia Jus apsilankyti ir puikiai praleisti laik\u0105 pirtyje su s\u016bkurine vonia, erdviu priepir\u010diu, dviem persirengimo kambariais, du\u0161u ir tualetu. Pirt\u012f nuomojame kelioms valandoms, parai ar visam savaitgaliui. Kompanijai, norin\u010diai vie\u0161butyje praleisti daugiau laiko, antrame auk\u0161te turime net devynis miegamuosius.\u00a0\u0160altuoju metu laiku niekas J\u016bs\u0173 taip nesu\u0161ildys, kaip gera <strong>Pirtis su s\u016bkurine vonia<\/strong> ir puiki kompanija.<br \/>\nSusisiekti su mumis galite \u010dia: <a href=\"https:\/\/apgyvendinimaskaune.lt\/kontaktai\/\">https:\/\/apgyvendinimaskaune.lt\/kontaktai\/<\/a><\/p>\n<p>&nbsp;<\/p>\n<p>Nepamir\u0161kite aplankyti taip pat ir m\u016bs\u0173 bald\u0173 parduotuv\u0117s: <a href=\"https:\/\/www.rivjera.lt\/\">https:\/\/www.rivjera.lt\/<\/a> <\/p>","protected":false},"excerpt":{"rendered":"<p>Pirtis su s\u016bkurine vonia J\u016bs\u0173 maloniam poilsiui. &nbsp; &nbsp; Jaukiame gamtos prieglobstyje, atokiau nuo miesto \u012fsik\u016br\u0119s vie\u0161butis \u201eRivjera\u201c kvie\u010dia Jus apsilankyti ir puikiai praleisti laik\u0105 pirtyje su s\u016bkurine vonia, erdviu priepir\u010diu, dviem persirengimo kambariais, du\u0161u ir tualetu. Pirt\u012f nuomojame kelioms valandoms, parai ar visam savaitgaliui. Kompanijai, norin\u010diai vie\u0161butyje praleisti daugiau laiko, antrame auk\u0161te turime net <\/p>\n","protected":false},"author":1,"featured_media":834,"parent":0,"menu_order":0,"comment_status":"open","ping_status":"open","template":"","meta":{"ngg_post_thumbnail":0},"yoast_head":"<!-- This site is optimized with the Yoast SEO plugin v15.9 - https:\/\/yoast.com\/wordpress\/plugins\/seo\/ -->\n<meta name=\"description\" content=\"J\u016bs\u0173 laukia pirtis su s\u016bkurine vonia(jacuzzi), priepirtis, du persirengimo kambariai, du\u0161as ir tualetas. Pirt\u012f nuomojame kelioms valandoms ar parai.\" \/>\n<meta name=\"robots\" content=\"index, follow, max-snippet:-1, max-image-preview:large, max-video-preview:-1\" \/>\n<link rel=\"canonical\" href=\"https:\/\/apgyvendinimaskaune.lt\/?page_id=37\" \/>\n<meta property=\"og:locale\" content=\"lt_LT\" \/>\n<meta property=\"og:type\" content=\"article\" \/>\n<meta property=\"og:title\" content=\"Pirtis su s\u016bkurine vonia \u0421\u0430\u0443\u043d\u0430 \u0441 \u0434\u0436\u0430\u043a\u0443\u0437\u0438 | Rivjera \u043e\u0442\u0435\u043b\u044c\" \/>\n<meta property=\"og:description\" content=\"J\u016bs\u0173 laukia pirtis su s\u016bkurine vonia(jacuzzi), priepirtis, du persirengimo kambariai, du\u0161as ir tualetas. Pirt\u012f nuomojame kelioms valandoms ar parai.\" \/>\n<meta property=\"og:url\" content=\"https:\/\/apgyvendinimaskaune.lt\/?page_id=37\" \/>\n<meta property=\"og:site_name\" content=\"Rivjera vie&scaron;butis\" \/>\n<meta property=\"article:modified_time\" content=\"2019-12-27T13:52:57+00:00\" \/>\n<meta property=\"og:image\" content=\"https:\/\/apgyvendinimaskaune.lt\/wp-content\/uploads\/2014\/12\/Panorama4.jpg\" \/>\n\t<meta property=\"og:image:width\" content=\"800\" \/>\n\t<meta property=\"og:image:height\" content=\"248\" \/>\n<meta name=\"twitter:label1\" content=\"Est. reading time\">\n\t<meta name=\"twitter:data1\" content=\"1 minut\u0117\">\n<script type=\"application\/ld+json\" class=\"yoast-schema-graph\">{\"@context\":\"https:\/\/schema.org\",\"@graph\":[{\"@type\":\"Organization\",\"@id\":\"https:\/\/apgyvendinimaskaune.lt\/#organization\",\"name\":\"Rivjera Vie\\u0161butis\",\"url\":\"https:\/\/apgyvendinimaskaune.lt\/\",\"sameAs\":[],\"logo\":{\"@type\":\"ImageObject\",\"@id\":\"https:\/\/apgyvendinimaskaune.lt\/#logo\",\"inLanguage\":\"lt-LT\",\"url\":\"https:\/\/apgyvendinimaskaune.lt\/wp-content\/uploads\/2014\/02\/vies.png\",\"width\":173,\"height\":120,\"caption\":\"Rivjera Vie\\u0161butis\"},\"image\":{\"@id\":\"https:\/\/apgyvendinimaskaune.lt\/#logo\"}},{\"@type\":\"WebSite\",\"@id\":\"https:\/\/apgyvendinimaskaune.lt\/#website\",\"url\":\"https:\/\/apgyvendinimaskaune.lt\/\",\"name\":\"Rivjera vie&scaron;butis\",\"description\":\"Vie&scaron;butis\",\"publisher\":{\"@id\":\"https:\/\/apgyvendinimaskaune.lt\/#organization\"},\"potentialAction\":[{\"@type\":\"SearchAction\",\"target\":\"https:\/\/apgyvendinimaskaune.lt\/?s={search_term_string}\",\"query-input\":\"required name=search_term_string\"}],\"inLanguage\":\"lt-LT\"},{\"@type\":\"ImageObject\",\"@id\":\"https:\/\/apgyvendinimaskaune.lt\/?page_id=37#primaryimage\",\"inLanguage\":\"lt-LT\",\"url\":\"https:\/\/apgyvendinimaskaune.lt\/wp-content\/uploads\/2014\/12\/Panorama4.jpg\",\"width\":800,\"height\":248,\"caption\":\"Pirtis su s\\u016bkurine vonia\"},{\"@type\":\"WebPage\",\"@id\":\"https:\/\/apgyvendinimaskaune.lt\/?page_id=37#webpage\",\"url\":\"https:\/\/apgyvendinimaskaune.lt\/?page_id=37\",\"name\":\"Pirtis su s\\u016bkurine vonia \\u0421\\u0430\\u0443\\u043d\\u0430 \\u0441 \\u0434\\u0436\\u0430\\u043a\\u0443\\u0437\\u0438 | Rivjera \\u043e\\u0442\\u0435\\u043b\\u044c\",\"isPartOf\":{\"@id\":\"https:\/\/apgyvendinimaskaune.lt\/#website\"},\"primaryImageOfPage\":{\"@id\":\"https:\/\/apgyvendinimaskaune.lt\/?page_id=37#primaryimage\"},\"datePublished\":\"2014-12-07T12:35:45+00:00\",\"dateModified\":\"2019-12-27T13:52:57+00:00\",\"description\":\"J\\u016bs\\u0173 laukia pirtis su s\\u016bkurine vonia(jacuzzi), priepirtis, du persirengimo kambariai, du\\u0161as ir tualetas. Pirt\\u012f nuomojame kelioms valandoms ar parai.\",\"breadcrumb\":{\"@id\":\"https:\/\/apgyvendinimaskaune.lt\/?page_id=37#breadcrumb\"},\"inLanguage\":\"lt-LT\",\"potentialAction\":[{\"@type\":\"ReadAction\",\"target\":[\"https:\/\/apgyvendinimaskaune.lt\/?page_id=37\"]}]},{\"@type\":\"BreadcrumbList\",\"@id\":\"https:\/\/apgyvendinimaskaune.lt\/?page_id=37#breadcrumb\",\"itemListElement\":[{\"@type\":\"ListItem\",\"position\":1,\"item\":{\"@type\":\"WebPage\",\"@id\":\"https:\/\/apgyvendinimaskaune.lt\/\",\"url\":\"https:\/\/apgyvendinimaskaune.lt\/\",\"name\":\"Home\"}},{\"@type\":\"ListItem\",\"position\":2,\"item\":{\"@type\":\"WebPage\",\"@id\":\"https:\/\/apgyvendinimaskaune.lt\/?page_id=37\",\"url\":\"https:\/\/apgyvendinimaskaune.lt\/?page_id=37\",\"name\":\"\\u0421\\u0430\\u0443\\u043d\\u0430 \\u0441 \\u0434\\u0436\\u0430\\u043a\\u0443\\u0437\\u0438\"}}]}]}<\/script>\n<!-- \/ Yoast SEO plugin. -->","_links":{"self":[{"href":"https:\/\/apgyvendinimaskaune.lt\/index.php?rest_route=\/wp\/v2\/pages\/37"}],"collection":[{"href":"https:\/\/apgyvendinimaskaune.lt\/index.php?rest_route=\/wp\/v2\/pages"}],"about":[{"href":"https:\/\/apgyvendinimaskaune.lt\/index.php?rest_route=\/wp\/v2\/types\/page"}],"author":[{"embeddable":true,"href":"https:\/\/apgyvendinimaskaune.lt\/index.php?rest_route=\/wp\/v2\/users\/1"}],"replies":[{"embeddable":true,"href":"https:\/\/apgyvendinimaskaune.lt\/index.php?rest_route=%2Fwp%2Fv2%2Fcomments&post=37"}],"version-history":[{"count":8,"href":"https:\/\/apgyvendinimaskaune.lt\/index.php?rest_route=\/wp\/v2\/pages\/37\/revisions"}],"predecessor-version":[{"id":899,"href":"https:\/\/apgyvendinimaskaune.lt\/index.php?rest_route=\/wp\/v2\/pages\/37\/revisions\/899"}],"wp:featuredmedia":[{"embeddable":true,"href":"https:\/\/apgyvendinimaskaune.lt\/index.php?rest_route=\/wp\/v2\/media\/834"}],"wp:attachment":[{"href":"https:\/\/apgyvendinimaskaune.lt\/index.php?rest_route=%2Fwp%2Fv2%2Fmedia&parent=37"}],"curies":[{"name":"wp","href":"https:\/\/api.w.org\/{rel}","templated":true}]}}