{"id":30,"date":"2014-12-07T12:17:46","date_gmt":"2014-12-07T12:17:46","guid":{"rendered":"http:\/\/rivjera.lt\/viesbutis\/?page_id=30"},"modified":"2020-06-06T12:36:19","modified_gmt":"2020-06-06T09:36:19","slug":"kontaktai","status":"publish","type":"page","link":"https:\/\/apgyvendinimaskaune.lt\/?page_id=30","title":{"rendered":"Kontaktai"},"content":{"rendered":"<p>Skiltyje <strong>kontaktai<\/strong> rasite m\u016bs\u0173 kontaktin\u0119 informacij\u0105<br \/>\n\t\t\n\t\t<div class=\"shortcode_container\"><\/p>\n<p>&nbsp;<\/p>\n\n\t\t<div class=\"clr\"><\/div><div class=\"empty_separator\" style=\"margin-top:20px;margin-bottom:20px\"><\/div><div class=\"clr\"><\/div>\n\t\n<div class=\"content_grid_2_3\"><br \/>\n<iframe loading=\"lazy\" style=\"border: 0;\" src=\"https:\/\/www.google.com\/maps\/embed?pb=!1m18!1m12!1m3!1d2300.0883838012073!2d23.871502316032178!3d54.79599007284103!2m3!1f0!2f0!3f0!3m2!1i1024!2i768!4f13.1!3m3!1m2!1s0x46e724ed14ab57df%3A0x6cee09c1e2c58e9c!2sRivjera!5e0!3m2!1sen!2slt!4v1560427430864!5m2!1sen!2slt\" width=\"100%\" height=\"500\" frameborder=\"0\" allowfullscreen=\"allowfullscreen\"><\/iframe><br \/>\n<\/div>\n<div class=\"content_grid_4\"><\/p>\n<table>\n<tbody>\n<tr>\n<td width=\"321\">Kauno g. 55, Pagiri\u0173 km.<\/td>\n<\/tr>\n<tr>\n<td width=\"321\">Garliavos apl. Sen., Kauno raj.<\/td>\n<\/tr>\n<\/tbody>\n<\/table>\n<p>+37068780504<br \/>\n+37068307700<br \/>\n+37062821550<br \/>\nREKVIZITAI<br \/>\nUAB \u201eRivjeros baldai\u201c<br \/>\n\u012emon\u0117s kodas: 134043365<br \/>\nPVM mok. Kodas: LT340433610<br \/>\nS\u0105skaitos nr. LT75 7044 0600 0806 8857<\/p>\n<p><a title=\"Email Us\" href=\"mailto:rivjerabaldai@gmail.com\" target=\"_blank\" rel=\"noopener noreferrer\">rivjerabaldai@gmail.com<\/a><br \/>\n<a title=\"Your Site URL\" href=\"apgyvendinimaskaune.lt\" target=\"_blank\" rel=\"noopener noreferrer\">&nbsp;www.apgyvendinimaskaune.lt<\/a><\/div>\n<p><div class=\"clr\"><\/div><\/div><\/p>","protected":false},"excerpt":{"rendered":"<p>Skiltyje kontaktai rasite m\u016bs\u0173 kontaktin\u0119 informacij\u0105<\/p>\n","protected":false},"author":1,"featured_media":876,"parent":0,"menu_order":0,"comment_status":"open","ping_status":"open","template":"","meta":{"ngg_post_thumbnail":0},"yoast_head":"<!-- This site is optimized with the Yoast SEO plugin v15.9 - https:\/\/yoast.com\/wordpress\/plugins\/seo\/ -->\n<meta name=\"description\" content=\"M\u016bs\u0173 motelis \u012fsik\u016br\u0119s Kauno rajono Garliavos apylink\u0117s seni\u016bnijoje Pagiri\u0173 kaime. Skiltyje kontaktai rasite m\u016bs\u0173 kontaktin\u0119 informacij\u0105\" \/>\n<meta name=\"robots\" content=\"index, follow, max-snippet:-1, max-image-preview:large, max-video-preview:-1\" \/>\n<link rel=\"canonical\" href=\"https:\/\/apgyvendinimaskaune.lt\/?page_id=30\" \/>\n<meta property=\"og:locale\" content=\"lt_LT\" \/>\n<meta property=\"og:type\" content=\"article\" \/>\n<meta property=\"og:title\" content=\"Kontaktai | Rivjera motelis[:ru]\u041a\u043e\u043d\u0442\u0430\u043a\u0442\u044b| Rivjera \u043e\u0442\u0435\u043b\u044c[:]\" \/>\n<meta property=\"og:description\" content=\"M\u016bs\u0173 motelis \u012fsik\u016br\u0119s Kauno rajono Garliavos apylink\u0117s seni\u016bnijoje Pagiri\u0173 kaime. Skiltyje kontaktai rasite m\u016bs\u0173 kontaktin\u0119 informacij\u0105\" \/>\n<meta property=\"og:url\" content=\"https:\/\/apgyvendinimaskaune.lt\/?page_id=30\" \/>\n<meta property=\"og:site_name\" content=\"Rivjera vie&scaron;butis\" \/>\n<meta property=\"article:modified_time\" content=\"2020-06-06T09:36:19+00:00\" \/>\n<meta property=\"og:image\" content=\"https:\/\/apgyvendinimaskaune.lt\/wp-content\/uploads\/2019\/06\/rivjera.jpg\" \/>\n\t<meta property=\"og:image:width\" content=\"960\" \/>\n\t<meta property=\"og:image:height\" content=\"580\" \/>\n<meta name=\"twitter:label1\" content=\"Est. reading time\">\n\t<meta name=\"twitter:data1\" content=\"1 minut\u0117\">\n<script type=\"application\/ld+json\" class=\"yoast-schema-graph\">{\"@context\":\"https:\/\/schema.org\",\"@graph\":[{\"@type\":\"Organization\",\"@id\":\"https:\/\/apgyvendinimaskaune.lt\/#organization\",\"name\":\"Rivjera Vie\\u0161butis\",\"url\":\"https:\/\/apgyvendinimaskaune.lt\/\",\"sameAs\":[],\"logo\":{\"@type\":\"ImageObject\",\"@id\":\"https:\/\/apgyvendinimaskaune.lt\/#logo\",\"inLanguage\":\"lt-LT\",\"url\":\"https:\/\/apgyvendinimaskaune.lt\/wp-content\/uploads\/2014\/02\/vies.png\",\"width\":173,\"height\":120,\"caption\":\"Rivjera Vie\\u0161butis\"},\"image\":{\"@id\":\"https:\/\/apgyvendinimaskaune.lt\/#logo\"}},{\"@type\":\"WebSite\",\"@id\":\"https:\/\/apgyvendinimaskaune.lt\/#website\",\"url\":\"https:\/\/apgyvendinimaskaune.lt\/\",\"name\":\"Rivjera vie&scaron;butis\",\"description\":\"Vie&scaron;butis\",\"publisher\":{\"@id\":\"https:\/\/apgyvendinimaskaune.lt\/#organization\"},\"potentialAction\":[{\"@type\":\"SearchAction\",\"target\":\"https:\/\/apgyvendinimaskaune.lt\/?s={search_term_string}\",\"query-input\":\"required name=search_term_string\"}],\"inLanguage\":\"lt-LT\"},{\"@type\":\"ImageObject\",\"@id\":\"https:\/\/apgyvendinimaskaune.lt\/?page_id=30#primaryimage\",\"inLanguage\":\"lt-LT\",\"url\":\"https:\/\/apgyvendinimaskaune.lt\/wp-content\/uploads\/2019\/06\/rivjera.jpg\",\"width\":960,\"height\":580,\"caption\":\"kontaktai\"},{\"@type\":\"WebPage\",\"@id\":\"https:\/\/apgyvendinimaskaune.lt\/?page_id=30#webpage\",\"url\":\"https:\/\/apgyvendinimaskaune.lt\/?page_id=30\",\"name\":\"Kontaktai | Rivjera motelis[:ru]\\u041a\\u043e\\u043d\\u0442\\u0430\\u043a\\u0442\\u044b| Rivjera \\u043e\\u0442\\u0435\\u043b\\u044c[:]\",\"isPartOf\":{\"@id\":\"https:\/\/apgyvendinimaskaune.lt\/#website\"},\"primaryImageOfPage\":{\"@id\":\"https:\/\/apgyvendinimaskaune.lt\/?page_id=30#primaryimage\"},\"datePublished\":\"2014-12-07T12:17:46+00:00\",\"dateModified\":\"2020-06-06T09:36:19+00:00\",\"description\":\"M\\u016bs\\u0173 motelis \\u012fsik\\u016br\\u0119s Kauno rajono Garliavos apylink\\u0117s seni\\u016bnijoje Pagiri\\u0173 kaime. Skiltyje kontaktai rasite m\\u016bs\\u0173 kontaktin\\u0119 informacij\\u0105\",\"breadcrumb\":{\"@id\":\"https:\/\/apgyvendinimaskaune.lt\/?page_id=30#breadcrumb\"},\"inLanguage\":\"lt-LT\",\"potentialAction\":[{\"@type\":\"ReadAction\",\"target\":[\"https:\/\/apgyvendinimaskaune.lt\/?page_id=30\"]}]},{\"@type\":\"BreadcrumbList\",\"@id\":\"https:\/\/apgyvendinimaskaune.lt\/?page_id=30#breadcrumb\",\"itemListElement\":[{\"@type\":\"ListItem\",\"position\":1,\"item\":{\"@type\":\"WebPage\",\"@id\":\"https:\/\/apgyvendinimaskaune.lt\/\",\"url\":\"https:\/\/apgyvendinimaskaune.lt\/\",\"name\":\"Home\"}},{\"@type\":\"ListItem\",\"position\":2,\"item\":{\"@type\":\"WebPage\",\"@id\":\"https:\/\/apgyvendinimaskaune.lt\/?page_id=30\",\"url\":\"https:\/\/apgyvendinimaskaune.lt\/?page_id=30\",\"name\":\"Kontaktai\"}}]}]}<\/script>\n<!-- \/ Yoast SEO plugin. -->","_links":{"self":[{"href":"https:\/\/apgyvendinimaskaune.lt\/index.php?rest_route=\/wp\/v2\/pages\/30"}],"collection":[{"href":"https:\/\/apgyvendinimaskaune.lt\/index.php?rest_route=\/wp\/v2\/pages"}],"about":[{"href":"https:\/\/apgyvendinimaskaune.lt\/index.php?rest_route=\/wp\/v2\/types\/page"}],"author":[{"embeddable":true,"href":"https:\/\/apgyvendinimaskaune.lt\/index.php?rest_route=\/wp\/v2\/users\/1"}],"replies":[{"embeddable":true,"href":"https:\/\/apgyvendinimaskaune.lt\/index.php?rest_route=%2Fwp%2Fv2%2Fcomments&post=30"}],"version-history":[{"count":16,"href":"https:\/\/apgyvendinimaskaune.lt\/index.php?rest_route=\/wp\/v2\/pages\/30\/revisions"}],"predecessor-version":[{"id":912,"href":"https:\/\/apgyvendinimaskaune.lt\/index.php?rest_route=\/wp\/v2\/pages\/30\/revisions\/912"}],"wp:featuredmedia":[{"embeddable":true,"href":"https:\/\/apgyvendinimaskaune.lt\/index.php?rest_route=\/wp\/v2\/media\/876"}],"wp:attachment":[{"href":"https:\/\/apgyvendinimaskaune.lt\/index.php?rest_route=%2Fwp%2Fv2%2Fmedia&parent=30"}],"curies":[{"name":"wp","href":"https:\/\/api.w.org\/{rel}","templated":true}]}}